{"id":5059,"date":"2021-04-15T22:46:10","date_gmt":"2021-04-16T01:46:10","guid":{"rendered":"http:\/\/solucionesmastecnologia.com\/index.php\/printview-copy\/"},"modified":"2021-07-10T14:48:42","modified_gmt":"2021-07-10T17:48:42","slug":"papercut","status":"publish","type":"page","link":"https:\/\/solucionesmastecnologia.com\/index.php\/papercut\/","title":{"rendered":"Paper Cut"},"content":{"rendered":"<p>[vc_row full_width=&#8221;stretch_row&#8221; el_id=&#8221;rs-faq&#8221; css=&#8221;.vc_custom_1505540764532{padding-top: 65px !important;padding-bottom: 65px !important;background-color: #f9f9f9 !important;}&#8221;][vc_column width=&#8221;1\/2&#8243; css=&#8221;.vc_custom_1603993923463{padding-right: 65px !important;}&#8221;][vc_column_text]<\/p>\n<h1 style=\"color: #f0047f!important; font-family: 'Museo300'!important; font-size: 16px; font-weight: 400!important;\">Software de Control de impresi\u00f3n:<strong> Papercut<\/strong><\/h1>\n<p>[\/vc_column_text][vc_column_text]<\/p>\n<div class=\"flex_cell no_margin av_one_half avia-builder-el-4 el_before_av_cell_one_half avia-builder-el-first \">\n<div class=\"flex_cell_inner\">\n<section class=\"av_textblock_section\">\n<div class=\"avia_textblock \">\n<p>Es un <strong>software para control de impresi\u00f3n<\/strong> por usuario, se instala en el servidor de impresi\u00f3n y <em>permite controlar y asignar cuotas de impresi\u00f3n por usuario cuantificando el valor de las impresiones y reportando a los usuarios los consumos realizados<\/em>.<\/p>\n<p>Incluyen <em>funciones avanzadas<\/em> como redireccionamiento de impresi\u00f3n\u00a0 a otros equipos en caso de fallas o de acuerdo a costos ( por ej: si el usuario no esta autorizado a imprimir en color).<\/p>\n<p>Permite realizar auditoria y genera informes detallados, su instalaci\u00f3n es muy sencilla y utiliza active directory para la gesti\u00f3n de usuarios (se puede usar el active directory, LDAP o crear usuarios personalizados) tambi\u00e9n es importante aclarar que se puede usar el sistema \u00abFollow me\u00bb con el cual se env\u00eda la impresi\u00f3n a una cola \u00fanica y la misma se puede liberar en cualquier equipo de la empresa).<\/p>\n<\/div>\n<\/section>\n<\/div>\n<\/div>\n<p>[\/vc_column_text][\/vc_column][vc_column width=&#8221;1\/2&#8243;][vc_single_image image=&#8221;4962&#8243; img_size=&#8221;large&#8221;][\/vc_column][\/vc_row][vc_row full_width=&#8221;stretch_row&#8221; css=&#8221;.vc_custom_1505540764532{padding-top: 65px !important;padding-bottom: 65px !important;background-color: #f9f9f9 !important;}&#8221;][vc_column css=&#8221;.vc_custom_1603993923463{padding-right: 65px !important;}&#8221;][vc_column_text]<\/p>\n<h1 style=\"font-size: 16px; color: #f0047f !important; font-family: Museo300 !important; font-weight: 400 !important; text-align: center;\">\u00bfC\u00f3mo funciona<strong> Papercut?<\/strong><\/h1>\n<p>[\/vc_column_text][vc_column_text]<\/p>\n<p style=\"text-align: center;\"><iframe loading=\"lazy\" title=\"YouTube video player\" src=\"https:\/\/www.youtube.com\/embed\/RGygGoYusxk\" width=\"560\" height=\"315\" frameborder=\"0\" allowfullscreen=\"allowfullscreen\"><\/iframe><\/p>\n<p>[\/vc_column_text][\/vc_column][\/vc_row][vc_row full_width=&#8221;stretch_row&#8221; el_id=&#8221;rs-cta&#8221; css=&#8221;.vc_custom_1609179969424{padding-top: 30px !important;padding-bottom: 35px !important;background-color: #006ab4 !important;}&#8221; el_class=&#8221;#rs-cta&#8221;][vc_column width=&#8221;2\/3&#8243;][vc_custom_heading text=&#8221;\u00a1CONSULTANOS AHORA DESDE AC\u00c1!&#8221; font_container=&#8221;tag:h2|font_size:36px|text_align:left|color:%23f00480&#8243; google_fonts=&#8221;font_family:Open%20Sans%3A300%2C300italic%2Cregular%2Citalic%2C600%2C600italic%2C700%2C700italic%2C800%2C800italic|font_style:400%20regular%3A400%3Anormal&#8221; css=&#8221;.vc_custom_1611512535179{margin-top: 0px !important;margin-bottom: 0px !important;padding-top: 7px !important;padding-bottom: 0px !important;}&#8221; link=&#8221;url:%23|||&#8221;][\/vc_column][vc_column width=&#8221;1\/3&#8243; css=&#8221;.vc_custom_1515746130469{padding-bottom: 7px !important;}&#8221;][vc_btn title=&#8221;<strong>ENVIAR MENSAJE<\/strong>&#8221; style=&#8221;outline-custom&#8221; outline_custom_color=&#8221;#f00480&#8243; outline_custom_hover_background=&#8221;#ffffff&#8221; outline_custom_hover_text=&#8221;#f00480&#8243; shape=&#8221;square&#8221; align=&#8221;right&#8221; link=&#8221;url:https%3A%2F%2Fsolucionesmastecnologia.com%2Findex.php%2Fcontacto%2F|title:Contacto||&#8221;][\/vc_column][\/vc_row]<\/p>\n","protected":false},"excerpt":{"rendered":"<p>[vc_row full_width=&#8221;stretch_row&#8221; el_id=&#8221;rs-faq&#8221; css=&#8221;.vc_custom_1505540764532{padding-top: 65px !important;padding-bottom: 65px !important;background-color: #f9f9f9 !important;}&#8221;][vc_column width=&#8221;1\/2&#8243; css=&#8221;.vc_custom_1603993923463{padding-right: 65px !important;}&#8221;][vc_column_text] Software de Control de impresi\u00f3n: Papercut&#8230;<\/p>\n","protected":false},"author":1,"featured_media":0,"parent":0,"menu_order":0,"comment_status":"closed","ping_status":"closed","template":"","meta":{"inline_featured_image":false,"footnotes":""},"class_list":["post-5059","page","type-page","status-publish","hentry"],"_links":{"self":[{"href":"https:\/\/solucionesmastecnologia.com\/index.php\/wp-json\/wp\/v2\/pages\/5059","targetHints":{"allow":["GET"]}}],"collection":[{"href":"https:\/\/solucionesmastecnologia.com\/index.php\/wp-json\/wp\/v2\/pages"}],"about":[{"href":"https:\/\/solucionesmastecnologia.com\/index.php\/wp-json\/wp\/v2\/types\/page"}],"author":[{"embeddable":true,"href":"https:\/\/solucionesmastecnologia.com\/index.php\/wp-json\/wp\/v2\/users\/1"}],"replies":[{"embeddable":true,"href":"https:\/\/solucionesmastecnologia.com\/index.php\/wp-json\/wp\/v2\/comments?post=5059"}],"version-history":[{"count":6,"href":"https:\/\/solucionesmastecnologia.com\/index.php\/wp-json\/wp\/v2\/pages\/5059\/revisions"}],"predecessor-version":[{"id":5216,"href":"https:\/\/solucionesmastecnologia.com\/index.php\/wp-json\/wp\/v2\/pages\/5059\/revisions\/5216"}],"wp:attachment":[{"href":"https:\/\/solucionesmastecnologia.com\/index.php\/wp-json\/wp\/v2\/media?parent=5059"}],"curies":[{"name":"wp","href":"https:\/\/api.w.org\/{rel}","templated":true}]}}