{"id":5063,"date":"2021-04-15T22:49:23","date_gmt":"2021-04-16T01:49:23","guid":{"rendered":"http:\/\/solucionesmastecnologia.com\/index.php\/printview-copy\/"},"modified":"2021-07-10T14:47:51","modified_gmt":"2021-07-10T17:47:51","slug":"software-para-impresion-facturas-remitos-talonarios","status":"publish","type":"page","link":"https:\/\/solucionesmastecnologia.com\/index.php\/software-para-impresion-facturas-remitos-talonarios\/","title":{"rendered":"Software para impresi\u00f3n de facturas, Remitos y Talonarios"},"content":{"rendered":"<p>[vc_row full_width=&#8221;stretch_row&#8221; el_id=&#8221;rs-faq&#8221; css=&#8221;.vc_custom_1505540764532{padding-top: 65px !important;padding-bottom: 65px !important;background-color: #f9f9f9 !important;}&#8221;][vc_column width=&#8221;1\/2&#8243; css=&#8221;.vc_custom_1603993923463{padding-right: 65px !important;}&#8221;][vc_column_text]<\/p>\n<h1 style=\"color: #f0047f!important; font-family: 'Museo300'!important; font-size: 16px; font-weight: 400!important;\">Software para impresi\u00f3n de<strong> facturas, remitos y talonarios<\/strong><\/h1>\n<p>[\/vc_column_text][vc_column_text]<\/p>\n<div class=\"flex_cell no_margin av_one_half avia-builder-el-4 el_before_av_cell_one_half avia-builder-el-first \">\n<div class=\"flex_cell_inner\">\n<section class=\"av_textblock_section\">\n<div class=\"avia_textblock \">\n<div class=\"flex_cell no_margin av_one_half avia-builder-el-18 el_before_av_cell_one_half avia-builder-el-first \">\n<div class=\"flex_cell_inner\">\n<section class=\"av_textblock_section\">\n<div class=\"avia_textblock \">\n<div class=\"flex_cell no_margin av_one_half avia-builder-el-18 el_before_av_cell_one_half avia-builder-el-first \">\n<div class=\"flex_cell_inner\">\n<section class=\"av_textblock_section\">\n<div class=\"avia_textblock \">\n<p>Este software permite mediante la carga de la imagen del comprobante previamente realizada asignar un rango de valores a imprimir, seleccionar desde que bandejas tomara los duplicados o triplicados de color y autom\u00e1ticamente generar\u00e1 la impresi\u00f3n intercalando los papeles de color y numer\u00e1ndolos con la tipograf\u00eda seleccionada en un solo paso.<\/p>\n<p>Tambi\u00e9n se incluye la versi\u00f3n talonarios que permite realizar talonarios con hasta 50 numeradoras y el numero de tal\u00f3n rotarlo con diferente tama\u00f1o en su tipograf\u00eda.<\/p>\n<\/div>\n<\/section>\n<\/div>\n<\/div>\n<\/div>\n<\/section>\n<\/div>\n<\/div>\n<\/div>\n<\/section>\n<\/div>\n<\/div>\n<p>[\/vc_column_text][\/vc_column][vc_column width=&#8221;1\/2&#8243;][vc_single_image image=&#8221;4961&#8243; img_size=&#8221;large&#8221;][\/vc_column][\/vc_row][vc_row full_width=&#8221;stretch_row&#8221; el_id=&#8221;rs-cta&#8221; css=&#8221;.vc_custom_1609179969424{padding-top: 30px !important;padding-bottom: 35px !important;background-color: #006ab4 !important;}&#8221; el_class=&#8221;#rs-cta&#8221;][vc_column width=&#8221;2\/3&#8243;][vc_custom_heading text=&#8221;\u00a1CONSULTANOS AHORA DESDE AC\u00c1!&#8221; font_container=&#8221;tag:h2|font_size:36px|text_align:left|color:%23f00480&#8243; google_fonts=&#8221;font_family:Open%20Sans%3A300%2C300italic%2Cregular%2Citalic%2C600%2C600italic%2C700%2C700italic%2C800%2C800italic|font_style:400%20regular%3A400%3Anormal&#8221; css=&#8221;.vc_custom_1611512535179{margin-top: 0px !important;margin-bottom: 0px !important;padding-top: 7px !important;padding-bottom: 0px !important;}&#8221; link=&#8221;url:%23|||&#8221;][\/vc_column][vc_column width=&#8221;1\/3&#8243; css=&#8221;.vc_custom_1515746130469{padding-bottom: 7px !important;}&#8221;][vc_btn title=&#8221;<strong>ENVIAR MENSAJE<\/strong>&#8221; style=&#8221;outline-custom&#8221; outline_custom_color=&#8221;#f00480&#8243; outline_custom_hover_background=&#8221;#ffffff&#8221; outline_custom_hover_text=&#8221;#f00480&#8243; shape=&#8221;square&#8221; align=&#8221;right&#8221; link=&#8221;url:https%3A%2F%2Fsolucionesmastecnologia.com%2Findex.php%2Fcontacto%2F|title:Contacto||&#8221;][\/vc_column][\/vc_row]<\/p>\n","protected":false},"excerpt":{"rendered":"<p>[vc_row full_width=&#8221;stretch_row&#8221; el_id=&#8221;rs-faq&#8221; css=&#8221;.vc_custom_1505540764532{padding-top: 65px !important;padding-bottom: 65px !important;background-color: #f9f9f9 !important;}&#8221;][vc_column width=&#8221;1\/2&#8243; css=&#8221;.vc_custom_1603993923463{padding-right: 65px !important;}&#8221;][vc_column_text] Software para impresi\u00f3n de facturas, remitos&#8230;<\/p>\n","protected":false},"author":1,"featured_media":0,"parent":0,"menu_order":0,"comment_status":"closed","ping_status":"closed","template":"","meta":{"inline_featured_image":false,"footnotes":""},"class_list":["post-5063","page","type-page","status-publish","hentry"],"_links":{"self":[{"href":"https:\/\/solucionesmastecnologia.com\/index.php\/wp-json\/wp\/v2\/pages\/5063","targetHints":{"allow":["GET"]}}],"collection":[{"href":"https:\/\/solucionesmastecnologia.com\/index.php\/wp-json\/wp\/v2\/pages"}],"about":[{"href":"https:\/\/solucionesmastecnologia.com\/index.php\/wp-json\/wp\/v2\/types\/page"}],"author":[{"embeddable":true,"href":"https:\/\/solucionesmastecnologia.com\/index.php\/wp-json\/wp\/v2\/users\/1"}],"replies":[{"embeddable":true,"href":"https:\/\/solucionesmastecnologia.com\/index.php\/wp-json\/wp\/v2\/comments?post=5063"}],"version-history":[{"count":11,"href":"https:\/\/solucionesmastecnologia.com\/index.php\/wp-json\/wp\/v2\/pages\/5063\/revisions"}],"predecessor-version":[{"id":5215,"href":"https:\/\/solucionesmastecnologia.com\/index.php\/wp-json\/wp\/v2\/pages\/5063\/revisions\/5215"}],"wp:attachment":[{"href":"https:\/\/solucionesmastecnologia.com\/index.php\/wp-json\/wp\/v2\/media?parent=5063"}],"curies":[{"name":"wp","href":"https:\/\/api.w.org\/{rel}","templated":true}]}}