{"id":6970,"date":"2025-10-02T16:59:38","date_gmt":"2025-10-02T19:59:38","guid":{"rendered":"https:\/\/solucionesmastecnologia.com\/?page_id=6970"},"modified":"2025-10-06T11:52:50","modified_gmt":"2025-10-06T14:52:50","slug":"digitalizacion-inteligente","status":"publish","type":"page","link":"https:\/\/solucionesmastecnologia.com\/index.php\/digitalizacion-inteligente\/","title":{"rendered":"Digitalizaci\u00f3n Inteligente"},"content":{"rendered":"<p>[vc_row full_width=&#8221;stretch_row&#8221; el_id=&#8221;rs-faq&#8221; css=&#8221;.vc_custom_1505540764532{padding-top: 65px !important;padding-bottom: 65px !important;background-color: #f9f9f9 !important;}&#8221;][vc_column width=&#8221;1\/2&#8243; css=&#8221;.vc_custom_1603993923463{padding-right: 65px !important;}&#8221;][vc_column_text]<\/p>\n<h1 style=\"color: #f0047f!important; font-family: 'Museo300'!important; font-size: 16px; font-weight: 400!important;\">Software de Digitalizaci\u00f3n y Gesti\u00f3n Documental. <strong> Digitalizaci\u00f3n Inteligente<\/strong><\/h1>\n<p>[\/vc_column_text][vc_column_text]<\/p>\n<div class=\"flex_cell no_margin av_one_half avia-builder-el-4 el_before_av_cell_one_half avia-builder-el-first \">\n<div class=\"flex_cell_inner\">\n<section class=\"av_textblock_section\">\n<div class=\"avia_textblock \">\n<p><strong><em>Digitalizaci\u00f3n Inteligente<\/em><\/strong> es un software que simplifica y acelera la forma en la que las empresas digitalizan y organizan su informaci\u00f3n. Permite escanear desde equipos multifunci\u00f3n o carpetas de red, reconocer autom\u00e1ticamente su contenido y enviarlos a donde haga falta: carpetas, bases de datos, sistemas de gesti\u00f3n, correo electr\u00f3nico o la nube.<\/p>\n<p>Con una interfaz clara e intuitiva, Digitalizaci\u00f3n Inteligente transforma documentos en informaci\u00f3n \u00fatil. Su motor OCR convierte los archivos en editables y buscables, mientras que las reglas de clasificaci\u00f3n e indexaci\u00f3n permiten ordenarlos y distribuirlos sin esfuerzo. Todo el proceso se automatiza: el usuario solo debe escanear y Digitalizaci\u00f3n Inteligente se encarga del resto.<\/p>\n<p>El sistema se adapta a empresas de cualquier tama\u00f1o, ayudando a reducir tiempos, eliminar errores manuales y mejorar la productividad. Adem\u00e1s, ofrece integraciones con aplicaciones corporativas y mantiene la seguridad de la informaci\u00f3n a trav\u00e9s de usuarios y permisos.<\/p>\n<p>En pocas palabras, la manera m\u00e1s simple y eficiente de convertir papeles en informaci\u00f3n lista para usarse, optimizando al m\u00e1ximo la gesti\u00f3n documental de la empresa.<\/p>\n<\/div>\n<\/section>\n<\/div>\n<\/div>\n<p>[\/vc_column_text][\/vc_column][vc_column width=&#8221;1\/2&#8243;][vc_single_image image=&#8221;6979&#8243; img_size=&#8221;full&#8221;][\/vc_column][\/vc_row][vc_row][vc_column][vc_column_text]<\/p>\n<h1 style=\"font-size: 16px; color: #f0047f !important; font-family: Museo300 !important; font-weight: 400 !important; text-align: center;\">\u00bfC\u00f3mo funciona<strong> Digitalizaci\u00f3n Inteligente?<\/strong><\/h1>\n<p>[\/vc_column_text][vc_video link=&#8221;https:\/\/www.youtube.com\/watch?v=PIbF4b1HugM&#8221; align=&#8221;center&#8221;][\/vc_column][\/vc_row][vc_row full_width=&#8221;stretch_row&#8221; el_id=&#8221;rs-cta&#8221; css=&#8221;.vc_custom_1609179969424{padding-top: 30px !important;padding-bottom: 35px !important;background-color: #006ab4 !important;}&#8221; el_class=&#8221;#rs-cta&#8221;][vc_column width=&#8221;2\/3&#8243;][vc_custom_heading text=&#8221;\u00a1CONSULTANOS AHORA DESDE AC\u00c1!&#8221; font_container=&#8221;tag:h2|font_size:36px|text_align:left|color:%23f00480&#8243; google_fonts=&#8221;font_family:Open%20Sans%3A300%2C300italic%2Cregular%2Citalic%2C600%2C600italic%2C700%2C700italic%2C800%2C800italic|font_style:400%20regular%3A400%3Anormal&#8221; css=&#8221;.vc_custom_1611512535179{margin-top: 0px !important;margin-bottom: 0px !important;padding-top: 7px !important;padding-bottom: 0px !important;}&#8221; link=&#8221;url:%23|||&#8221;][\/vc_column][vc_column width=&#8221;1\/3&#8243; css=&#8221;.vc_custom_1515746130469{padding-bottom: 7px !important;}&#8221;][vc_btn title=&#8221;<strong>ENVIAR MENSAJE<\/strong>&#8221; style=&#8221;outline-custom&#8221; outline_custom_color=&#8221;#f00480&#8243; outline_custom_hover_background=&#8221;#ffffff&#8221; outline_custom_hover_text=&#8221;#f00480&#8243; shape=&#8221;square&#8221; align=&#8221;right&#8221; link=&#8221;url:https%3A%2F%2Fsolucionesmastecnologia.com%2Findex.php%2Fcontacto%2F|title:Contacto||&#8221;][\/vc_column][\/vc_row]<\/p>\n","protected":false},"excerpt":{"rendered":"<p>[vc_row full_width=&#8221;stretch_row&#8221; el_id=&#8221;rs-faq&#8221; css=&#8221;.vc_custom_1505540764532{padding-top: 65px !important;padding-bottom: 65px !important;background-color: #f9f9f9 !important;}&#8221;][vc_column width=&#8221;1\/2&#8243; css=&#8221;.vc_custom_1603993923463{padding-right: 65px !important;}&#8221;][vc_column_text] Software de Digitalizaci\u00f3n y Gesti\u00f3n Documental&#8230;.<\/p>\n","protected":false},"author":3,"featured_media":0,"parent":0,"menu_order":0,"comment_status":"closed","ping_status":"closed","template":"","meta":{"inline_featured_image":false,"footnotes":""},"class_list":["post-6970","page","type-page","status-publish","hentry"],"_links":{"self":[{"href":"https:\/\/solucionesmastecnologia.com\/index.php\/wp-json\/wp\/v2\/pages\/6970","targetHints":{"allow":["GET"]}}],"collection":[{"href":"https:\/\/solucionesmastecnologia.com\/index.php\/wp-json\/wp\/v2\/pages"}],"about":[{"href":"https:\/\/solucionesmastecnologia.com\/index.php\/wp-json\/wp\/v2\/types\/page"}],"author":[{"embeddable":true,"href":"https:\/\/solucionesmastecnologia.com\/index.php\/wp-json\/wp\/v2\/users\/3"}],"replies":[{"embeddable":true,"href":"https:\/\/solucionesmastecnologia.com\/index.php\/wp-json\/wp\/v2\/comments?post=6970"}],"version-history":[{"count":5,"href":"https:\/\/solucionesmastecnologia.com\/index.php\/wp-json\/wp\/v2\/pages\/6970\/revisions"}],"predecessor-version":[{"id":6982,"href":"https:\/\/solucionesmastecnologia.com\/index.php\/wp-json\/wp\/v2\/pages\/6970\/revisions\/6982"}],"wp:attachment":[{"href":"https:\/\/solucionesmastecnologia.com\/index.php\/wp-json\/wp\/v2\/media?parent=6970"}],"curies":[{"name":"wp","href":"https:\/\/api.w.org\/{rel}","templated":true}]}}